{"id":1342,"date":"2012-03-07T10:54:17","date_gmt":"2012-03-07T15:54:17","guid":{"rendered":"http:\/\/haiti.mit.edu\/?page_id=1342"},"modified":"2012-03-07T10:54:17","modified_gmt":"2012-03-07T15:54:17","slug":"atelye-mas-2012","status":"publish","type":"page","link":"https:\/\/haiti.mit.edu\/hat\/atelye-mas-2012\/","title":{"rendered":"Atelye mas 2012"},"content":{"rendered":"<div align=\"center\">\n<h3>Atelye MIT ap f\u00e8 sou teknoloji ak resous ouv\u00e8 pou edikasyon ann Ayiti<\/h3>\n<p>28\u201331 mas 2012<br \/>\nPort-au-Prince, Haiti<\/p><\/div>\n<p>Prensipal objektif atelye sa yo se mete aktivite kanpe pou f\u00f2masyon pwofes\u00e8 ak devl\u00f2pman kourikoul\u00f2m selon resous nou jwenn MIT pou edikasyon san bary\u00e8.  K\u00f2m egzanp nou ka site : <a href=\"http:\/\/ocw.mit.edu\" title=\"MIT OpenCourseWare\">Open Courseware<\/a> ak Software Tools for Academic and Researchers \u201c<a href=\"http:\/\/web.mit.edu\/star\" title=\"STAR\">STAR<\/a>\u201d. Ki jan resous sa yo kapab s\u00e8vi pou amelyore kou STEM yo ann Ayiti? Ki jan edikat\u00e8 ann Ayiti kapab prepare menm kalite resous sa a yo sou plas ann Ayiti epi pou resous sa yo vin bay rannman a san pou san?<\/p>\n<p>F\u00f2masyon sa yo pral kanpe sou yon echantiyon matery\u00e8l ent\u00e8raktif MIT devlope pou ans\u00e8yman BYOLOJI ak FIZIK.  Nou pral f\u00e8 egz\u00e8sis kote pwofes\u00e8 yo ap ka pratike nouvo teknik ans\u00e8yman y ap aprann yo.<br \/>\nNan jedi ak vandredi 12:30\u20132:30PM (28 ak 29 mas 2012), nou pral prezante objektif global inisyativ la ak div\u00e8s resous ouv\u00e8 MIT devlope pou ans\u00e8yman lasyans.  Sesyon sa yo se pou envite espesyal pami administrat\u00e8 ak lid\u00e8 nan domenn ans\u00e8yman ak teknoloji ann Ayiti.  Nan samdi maten (31 mas 2012) nou pral f\u00e8 reyinyon pou nou kalkile pwochen etap inisyativ la.  Nou pral kalkile ki kalite enfrastrikti, resous ak sip\u00f2 n ap bezwen pou nou f\u00e8 inisyativ la vanse pi lwen, pou nou f\u00e8 inisyativ la al jwenn plis pwofes\u00e8 ak plis etidyan tou patou nan peyi a.<\/p>\n","protected":false},"excerpt":{"rendered":"<p>Atelye MIT ap f\u00e8 sou teknoloji ak resous ouv\u00e8 pou edikasyon ann Ayiti 28\u201331 mas 2012 Port-au-Prince, Haiti Prensipal objektif atelye sa yo se mete aktivite kanpe pou f\u00f2masyon pwofes\u00e8 ak devl\u00f2pman kourikoul\u00f2m selon resous nou jwenn MIT pou edikasyon san bary\u00e8. K\u00f2m egzanp nou ka site : Open Courseware ak Software Tools for Academic [&hellip;]<\/p>\n","protected":false},"author":7,"featured_media":0,"parent":0,"menu_order":0,"comment_status":"open","ping_status":"open","template":"","meta":{"ngg_post_thumbnail":0},"_links":{"self":[{"href":"https:\/\/haiti.mit.edu\/hat\/wp-json\/wp\/v2\/pages\/1342"}],"collection":[{"href":"https:\/\/haiti.mit.edu\/hat\/wp-json\/wp\/v2\/pages"}],"about":[{"href":"https:\/\/haiti.mit.edu\/hat\/wp-json\/wp\/v2\/types\/page"}],"author":[{"embeddable":true,"href":"https:\/\/haiti.mit.edu\/hat\/wp-json\/wp\/v2\/users\/7"}],"replies":[{"embeddable":true,"href":"https:\/\/haiti.mit.edu\/hat\/wp-json\/wp\/v2\/comments?post=1342"}],"version-history":[{"count":0,"href":"https:\/\/haiti.mit.edu\/hat\/wp-json\/wp\/v2\/pages\/1342\/revisions"}],"wp:attachment":[{"href":"https:\/\/haiti.mit.edu\/hat\/wp-json\/wp\/v2\/media?parent=1342"}],"curies":[{"name":"wp","href":"https:\/\/api.w.org\/{rel}","templated":true}]}}