{"id":2551,"date":"2010-09-28T23:53:27","date_gmt":"2013-09-23T15:36:45","guid":{"rendered":"http:\/\/haiti.mit.edu\/?page_id=2551"},"modified":"2010-09-28T23:53:27","modified_gmt":"2013-09-23T15:36:45","slug":"ki-sa-sit-sa-a-ye","status":"publish","type":"page","link":"https:\/\/haiti.mit.edu\/hat\/ki-sa-sit-sa-a-ye\/","title":{"rendered":"Ki sa sit sa a ye?"},"content":{"rendered":"<div id=\"alignright\"><img loading=\"lazy\" src=\"http:\/\/haiti.mit.edu\/files\/2010\/09\/haiti-150x150.png\" alt=\"\" title=\"haiti\" width=\"75\" height=\"85\" class=\"alignright size-thumbnail wp-image-414\" \/><br \/>\n<img src=\"http:\/\/ling-phil.mit.edu\/mithaiti\/wp-content\/uploads\/2010\/09\/logo-mit.gif\" alt=\"\" title=\"logo-mit\" width=\"75\"  class=\"alignright size-full wp-image-415\" \/><\/div>\n<p>Gen yon ekip MIT ki reponn prezan nan ef\u00f2 k ap f\u00e8t pou repare dega ke goudougoudou 12 janvye 2010 la te pwovoke nan iniv\u00e8site ann Ayiti. Kraze brize sa a te rive kreye yon op\u00f2tinite pou Ayiti:  yon chans pou nou bati yon nouvo sist\u00e8m ans\u00e8yman ak nouvo zouti pou yon nouvo jenerasyon etidyan ak pwofes\u00e8.  Nouvo zouti sa yo ap ka amelyore edikasyon ann Ayiti epi y ap ka gaye bonjan ans\u00e8yman nan div\u00e8s sekt\u00e8 sosyete, plis kote nan peyi a epi nan tout klas sosyal.<\/p>\n","protected":false},"excerpt":{"rendered":"<p>Gen yon ekip MIT ki reponn prezan nan ef\u00f2 k ap f\u00e8t pou repare dega ke goudougoudou 12 janvye 2010 la te pwovoke nan iniv\u00e8site ann Ayiti. Kraze brize sa a te rive kreye yon op\u00f2tinite pou Ayiti: yon chans pou nou bati yon nouvo sist\u00e8m ans\u00e8yman ak nouvo zouti pou yon nouvo jenerasyon etidyan [&hellip;]<\/p>\n","protected":false},"author":7,"featured_media":0,"parent":0,"menu_order":0,"comment_status":"open","ping_status":"open","template":"","meta":{"ngg_post_thumbnail":0},"_links":{"self":[{"href":"https:\/\/haiti.mit.edu\/hat\/wp-json\/wp\/v2\/pages\/2551"}],"collection":[{"href":"https:\/\/haiti.mit.edu\/hat\/wp-json\/wp\/v2\/pages"}],"about":[{"href":"https:\/\/haiti.mit.edu\/hat\/wp-json\/wp\/v2\/types\/page"}],"author":[{"embeddable":true,"href":"https:\/\/haiti.mit.edu\/hat\/wp-json\/wp\/v2\/users\/7"}],"replies":[{"embeddable":true,"href":"https:\/\/haiti.mit.edu\/hat\/wp-json\/wp\/v2\/comments?post=2551"}],"version-history":[{"count":0,"href":"https:\/\/haiti.mit.edu\/hat\/wp-json\/wp\/v2\/pages\/2551\/revisions"}],"wp:attachment":[{"href":"https:\/\/haiti.mit.edu\/hat\/wp-json\/wp\/v2\/media?parent=2551"}],"curies":[{"name":"wp","href":"https:\/\/api.w.org\/{rel}","templated":true}]}}