{"id":2818,"date":"2014-07-23T11:14:19","date_gmt":"2014-07-24T18:02:26","guid":{"rendered":"http:\/\/haiti.mit.edu\/?page_id=2818"},"modified":"2014-07-23T11:14:19","modified_gmt":"2014-07-24T18:02:26","slug":"resous-jen-2014","status":"publish","type":"page","link":"https:\/\/haiti.mit.edu\/hat\/atelye\/atelye-jen-2014\/resous-jen-2014\/","title":{"rendered":"Resous jen 2014"},"content":{"rendered":"<p>Ajanda epi atik sou mod\u00e8l lid\u00e8chip &#8220;4-KAP&#8221; la:<\/p>\n<ul>\n<li><a href=\"http:\/\/ling-phil.mit.edu\/mithaiti\/wp-content\/uploads\/2014\/07\/Ajannda_atelye_MIT_HAITI_sou_lidechip_vesyon_20140626_11.59pm.pdf\"> Ajannda atelye MIT-Haiti sou &#8220;Lid\u00e8chip ak travay ann ekip&#8221;<\/a><\/li>\n<li><a href=\"http:\/\/ling-phil.mit.edu\/mithaiti\/wp-content\/uploads\/2014\/07\/ancona_eks_2007_ochan_pou_lide_ki_pa_pafe.pdf\"> Atik &#8220;Ochan pou yon lid\u00e8 ki pa fin paf\u00e8 n\u00e8t&#8221;<\/a><\/li>\n<\/ul>\n<p>Prezantasyon: <\/p>\n<ul>\n<li><a href=\"http:\/\/ling-phil.mit.edu\/mithaiti\/wp-content\/uploads\/2014\/07\/dyapo-kreye-sans-kreye-koneksyon.pdf\">Dyapo: Kreye sans; kreye koneksyon<\/a><\/li>\n<li><a href=\"http:\/\/ling-phil.mit.edu\/mithaiti\/wp-content\/uploads\/2014\/07\/dyapo-ekip-X-pou-Ayiti.pdf\">Dyapo: Ekip X pou  Ayiti<\/a><\/li>\n<li><a href=\"http:\/\/ling-phil.mit.edu\/mithaiti\/wp-content\/uploads\/2014\/07\/dyapo-egzesis-sou-vizyon-ak-envansyon.pdf\">Dyapo: Egz\u00e8sis sou vizyon ak envansyon<\/a><\/li>\n<li><a href=\"http:\/\/ling-phil.mit.edu\/mithaiti\/wp-content\/uploads\/2014\/07\/dyapo-atelye-sou-lidechip-entwo.pdf\">Dyapo: Entwodiksyon atelye sou lid\u00e8chip la<\/a><\/li>\n<\/ul>\n<p>Fey\u00e8:<\/p>\n<ul>\n<li><a href=\"http:\/\/ling-phil.mit.edu\/mithaiti\/wp-content\/uploads\/2014\/07\/feye-model-4-KAP.pdf\">Fey\u00e8: Mod\u00e8l &#8220;4-KAP&#8221; la<\/a><\/li>\n<li><a href=\"http:\/\/ling-phil.mit.edu\/mithaiti\/wp-content\/uploads\/2014\/07\/feye-egzesis-kreye-sans-pou-Ayiti.pdf\">Fey\u00e8: Egz\u00e8sis kreye sans pou Ayiti<\/a><\/li>\n<li><a href=\"http:\/\/ling-phil.mit.edu\/mithaiti\/wp-content\/uploads\/2014\/07\/feye-egzesis-kreye-istwa-sou-lidechip.pdf\">Fey\u00e8: Egz\u00e8sis kreye istwa sou lid\u00e8chip<\/a><\/li>\n<\/ul>\n","protected":false},"excerpt":{"rendered":"<p>Ajanda epi atik sou mod\u00e8l lid\u00e8chip &#8220;4-KAP&#8221; la: Ajannda atelye MIT-Haiti sou &#8220;Lid\u00e8chip ak travay ann ekip&#8221; Atik &#8220;Ochan pou yon lid\u00e8 ki pa fin paf\u00e8 n\u00e8t&#8221; Prezantasyon: Dyapo: Kreye sans; kreye koneksyon Dyapo: Ekip X pou Ayiti Dyapo: Egz\u00e8sis sou vizyon ak envansyon Dyapo: Entwodiksyon atelye sou lid\u00e8chip la Fey\u00e8: Fey\u00e8: Mod\u00e8l &#8220;4-KAP&#8221; la [&hellip;]<\/p>\n","protected":false},"author":7,"featured_media":0,"parent":5806,"menu_order":0,"comment_status":"open","ping_status":"open","template":"","meta":{"ngg_post_thumbnail":0},"_links":{"self":[{"href":"https:\/\/haiti.mit.edu\/hat\/wp-json\/wp\/v2\/pages\/2818"}],"collection":[{"href":"https:\/\/haiti.mit.edu\/hat\/wp-json\/wp\/v2\/pages"}],"about":[{"href":"https:\/\/haiti.mit.edu\/hat\/wp-json\/wp\/v2\/types\/page"}],"author":[{"embeddable":true,"href":"https:\/\/haiti.mit.edu\/hat\/wp-json\/wp\/v2\/users\/7"}],"replies":[{"embeddable":true,"href":"https:\/\/haiti.mit.edu\/hat\/wp-json\/wp\/v2\/comments?post=2818"}],"version-history":[{"count":0,"href":"https:\/\/haiti.mit.edu\/hat\/wp-json\/wp\/v2\/pages\/2818\/revisions"}],"up":[{"embeddable":true,"href":"https:\/\/haiti.mit.edu\/hat\/wp-json\/wp\/v2\/pages\/5806"}],"wp:attachment":[{"href":"https:\/\/haiti.mit.edu\/hat\/wp-json\/wp\/v2\/media?parent=2818"}],"curies":[{"name":"wp","href":"https:\/\/api.w.org\/{rel}","templated":true}]}}