{"id":4294,"date":"2015-07-24T10:54:30","date_gmt":"2015-07-24T14:54:30","guid":{"rendered":"http:\/\/haiti.mit.edu\/?page_id=4294"},"modified":"2015-07-24T10:54:30","modified_gmt":"2015-07-24T14:54:30","slug":"kalandriye-atelye-out-2015","status":"publish","type":"page","link":"https:\/\/haiti.mit.edu\/hat\/kalandriye-atelye-out-2015\/","title":{"rendered":"Kalandriye Atelye Out 2015"},"content":{"rendered":"<p><center><strong>Atelye MIT-Ayiti sou edikasyon ki san bary\u00e8 e ki kore ak teknoloji<br \/>\nUEH, Kanpis Henri Christophe, Limonad, Ayiti<br \/>\nLendi\u2013m\u00e8kredi 24\u201326 out 2015 <\/strong><\/p>\n<p><strong>Kalandriye<\/strong><\/center><\/p>\n<p><em><strong>Lendi 24 out:<\/strong><\/em><\/p>\n<table>\n<tr>\n<td width=150>8:00 \u2013 9:00am<\/td>\n<td>Enskripsyon; manje maten<\/td>\n<\/tr>\n<tr>\n<td>9:00 \u2013 9:30am<\/td>\n<td>Salitasyon ak remak pou ouvri atelye a: Audalbert Bien-Aim\u00e9, Prezidan Kons\u00e8y Direksyon UEH Limonad \u2013 Michel DeGraff, Direkt\u00e8, Inisyativ MIT-Ayiti <\/td>\n<\/tr>\n<tr>\n<td>9:30 \u2013 10:30am<\/td>\n<td>Sesyon 1A pou tout patisipan yo: Egzanp aprantisaj aktif \u2013 Haynes Miller &#038; Jeremy Orloff\n<\/td>\n<\/tr>\n<tr>\n<td>10:30 \u2013 12:00pm<\/td>\n<td>Sesyon 1B pou tout patisipan yo: Detaye pedagoji aprantisaj aktif \u2013 Glenda Stump <\/td>\n<\/tr>\n<tr>\n<td>12:00 \u2013 1:00pm<\/td>\n<td>Manje midi nan kafeterya iniv\u00e8site a<\/td>\n<\/tr>\n<tr>\n<td>1:00 \u2013 2:30pm<\/td>\n<td>Sesyon 2A pou tout patisipan yo: Pan\u00e8l konferans sou enp\u00f2tans aprantisaj aktif pou edikasyon ann Ayiti\n<\/td>\n<\/tr>\n<tr>\n<td>2:30 \u2013 2:45pm<\/td>\n<td>Poz <\/td>\n<\/tr>\n<tr>\n<td>2:45 \u2013 5:00pm<\/td>\n<td>Sesyon 2B\u20143 sesyon an paral\u00e8l: Aprantisaj aktif pou chak maty\u00e8 \u2013\u00a0Paul Belony (Fizik), Haynes Miller &#038;  Jeremy Orloff (Matematik), Lourdes Alem\u00e1n, Alison Brauneis &#038; Ruthly Fran\u00e7ois (Jenetik &#038; Biyochimi) <\/td>\n<\/tr>\n<\/table>\n<p>\n<em><strong>Madi 25 Out:<\/strong><\/em><\/p>\n<table>\n<tr>\n<td width=150>8:00 \u2013 9:00am<\/td>\n<td>Manje maten <\/td>\n<\/tr>\n<tr>\n<td>9:00 \u2013 10:30am<\/td>\n<td>Sesyon 3A pou tout patisipan yo: Pedagoji: Objektif aprantisaj \u2013 Glenda Stump\n<\/td>\n<\/tr>\n<tr>\n<td>10:30 \u201312:00am<\/td>\n<td>Sesyon 3B\u20143 sesyon an paral\u00e8l: Objektif aprantisaj nan chak maty\u00e8 \u2013 Paul Belony (Fizik), Haynes Miller &#038;  Jeremy Orloff (Matematk), Lourdes Alem\u00e1n, Alison Brauneis &#038; Ruthly Fran\u00e7ois (Jenetik &#038; Biyochimi)\n<\/td>\n<\/tr>\n<tr>\n<td>12:00 \u2013 1:00pm<\/td>\n<td>Manje midi nan nan kafeterya iniv\u00e8site a<\/td>\n<\/tr>\n<tr>\n<td>1:00 \u2013 2:15pm<\/td>\n<td>Sesyon 4A\u2014pou tout patisipan yo: Pedagoji \u2013 Glenda Stump <\/td>\n<\/tr>\n<tr>\n<td>2:15 \u2013 2:30pm<\/td>\n<td>Poz<\/td>\n<\/tr>\n<tr>\n<td>2:30 \u2013 5:00pm<\/td>\n<td>Sesyon 4B\u20143 sesyon an paral\u00e8l pou chak maty\u00e8: Devlopman egz\u00e8sis aprantisaj aktif \u2013 Paul Belony (Fizik), Haynes Miller &#038; Jeremy Orloff (Matematik), Lourdes Alem\u00e1n, Alison Brauneis &#038; Ruthly Fran\u00e7ois (Jenetik &#038; Biyochimi)\n<\/td>\n<\/tr>\n<\/table>\n<p>\n<em><strong>M\u00e8kredi 26 out:<\/strong><\/em><\/p>\n<table>\n<tr>\n<td width=150>8:00 \u2013 9:00am<\/td>\n<td>Manje maten<\/td>\n<\/tr>\n<tr>\n<td>9:00 \u2013 10:30am<\/td>\n<td>Sesyon 5A\u2014pou tout patisipan yo: Pedagoji: Evalyasyon \u2013 Glenda Stump\n<\/td>\n<\/tr>\n<tr>\n<td>10:30 \u2013 12:00pm<\/td>\n<td>Sesyon 5B\u20143 sesyon an paral\u00e8l, youn pou chak maty\u00e8: Evalyasyon egzanp aprantisaj aktif nan chak maty\u00e8 \u2013 Paul Belony (Fizik), Haynes Miller &#038; Jeremy Orloff (Matematik), Lourdes Aleman, Alison Brauneis &#038; Ruthly Fran\u00e7ois (Jenetik ak biyochimi)\n<\/td>\n<\/tr>\n<tr>\n<td>12:00 \u2013 1:00pm<\/td>\n<td>Manje midi nan kafeterya iniv\u00e8site a<\/td>\n<\/tr>\n<tr>\n<td>1:00 \u2013 3:00pm<\/td>\n<td>Sesyon 5C\u2014twa sesyon an paral\u00e8l: Prezantasyon an gwoup nan chak maty\u00e8  \u2013 Paul Belony (Physics), Haynes Miller (Math), Jeremy Orloff (Math), and Lourdes Aleman (Biology)<\/td>\n<\/tr>\n<tr>\n<td>3:00 \u2013 3:15pm<\/td>\n<td>Poz<\/td>\n<\/tr>\n<tr>\n<td>3:15 \u2013 3:30pm<\/td>\n<td>Evalyasyon<\/td>\n<\/tr>\n<tr>\n<td>3:30 \u2013 5:00pm<\/td>\n<td>Ranmaeesyon 6\u2014pou tout patisipan yo: K\u00f2mant\u00e8 sou atelye epi planifikasyon pwochen etap \u2013 Tout patisipan yo n\u00e8t\n<\/td>\n<\/tr>\n<\/table>\n","protected":false},"excerpt":{"rendered":"<p>Atelye MIT-Ayiti sou edikasyon ki san bary\u00e8 e ki kore ak teknoloji UEH, Kanpis Henri Christophe, Limonad, Ayiti Lendi\u2013m\u00e8kredi 24\u201326 out 2015 Kalandriye Lendi 24 out: 8:00 \u2013 9:00am Enskripsyon; manje maten 9:00 \u2013 9:30am Salitasyon ak remak pou ouvri atelye a: Audalbert Bien-Aim\u00e9, Prezidan Kons\u00e8y Direksyon UEH Limonad \u2013 Michel DeGraff, Direkt\u00e8, Inisyativ MIT-Ayiti [&hellip;]<\/p>\n","protected":false},"author":7,"featured_media":0,"parent":0,"menu_order":0,"comment_status":"open","ping_status":"closed","template":"","meta":{"ngg_post_thumbnail":0},"_links":{"self":[{"href":"https:\/\/haiti.mit.edu\/hat\/wp-json\/wp\/v2\/pages\/4294"}],"collection":[{"href":"https:\/\/haiti.mit.edu\/hat\/wp-json\/wp\/v2\/pages"}],"about":[{"href":"https:\/\/haiti.mit.edu\/hat\/wp-json\/wp\/v2\/types\/page"}],"author":[{"embeddable":true,"href":"https:\/\/haiti.mit.edu\/hat\/wp-json\/wp\/v2\/users\/7"}],"replies":[{"embeddable":true,"href":"https:\/\/haiti.mit.edu\/hat\/wp-json\/wp\/v2\/comments?post=4294"}],"version-history":[{"count":0,"href":"https:\/\/haiti.mit.edu\/hat\/wp-json\/wp\/v2\/pages\/4294\/revisions"}],"wp:attachment":[{"href":"https:\/\/haiti.mit.edu\/hat\/wp-json\/wp\/v2\/media?parent=4294"}],"curies":[{"name":"wp","href":"https:\/\/api.w.org\/{rel}","templated":true}]}}