{"id":5047,"date":"2016-05-13T11:09:17","date_gmt":"2016-05-13T11:09:17","guid":{"rendered":"http:\/\/ling-phil.mit.edu\/mithaiti\/ht\/?page_id=5047"},"modified":"2018-07-12T13:01:13","modified_gmt":"2018-07-12T17:01:13","slug":"atelye","status":"publish","type":"page","link":"https:\/\/haiti.mit.edu\/hat\/atelye\/","title":{"rendered":"Atelye"},"content":{"rendered":"<h3>Ki sa atelye sa yo ye?<\/h3>\n<p>Atelye MIT-Ayiti yo se yon seri konbit ki rasanble anseyan ak lid\u00e8 nan MIT epi Ayiti pou yo s\u00e8vi ak kreyol pou yo devlope nouvo pedagoji aktif ansanm ak lojisy\u00e8l ak l\u00f2t resous teknolojik pou edikasyon san bary\u00e8 e pou nouvo met\u00f2d lid\u00e8chip, inovasyon, jesyon epi travay ann ekip. N ap kreye mwayen pou plis Ayisyen ka gen aks\u00e8 a resous mod\u00e8n pou aprantisaj aktif an krey\u00f2l nan Syans, Teknoloji, Jeni ak Matematik (ann angle : Science, Technology, Engineering and Mathematics oswa \u00ab STEM \u00bb) e pou yo gen aks\u00e8 ak nouvo apw\u00f2ch sou lid\u00e8chip ki bay bon jan rezilta. Atelye MIT-Ayiti sa yo, enstitisyon ki sip\u00f2te li se: MIT, Fondasyon Wade, Fondasyon Soros, Fondasyon Nasyonal pou Lasyans nan Etazini epi Fondasyon Konesans Ak Lib\u00e8te (FOKAL) epi Gouv\u00e8nman Ayisyen.<\/p>\n<h3>Atelye<\/h3>\n<ul>\n<li><span style=\"color: #3366ff;\"><a style=\"color: #3366ff;\" href=\"https:\/\/haiti.mit.edu\/ht\/2017-senpozyom\/\">Mas 2017: \u00d2tel Marriott<\/a><\/span><\/li>\n<li><span style=\"color: #3366ff;\"><a style=\"color: #3366ff;\" title=\"Janvye 2015\" href=\"https:\/\/haiti.mit.edu\/ht\/atelye\/atelye-mit-ayiti-sou-edikasyon-ki-san-barye-e-ki-kore-ak-teknoloji\/\">Janvye 2015: Pedagoji, Biyoloji, Matematik epi Fizik <\/a><\/span><\/li>\n<li><span style=\"color: #3366ff;\"><a style=\"color: #3366ff;\" title=\"Jen 2014\" href=\"https:\/\/haiti.mit.edu\/ht\/atelye\/atelye-jen-2014\/\">Jen 2014: Lid\u00e8chip ak travay ann ekip<\/a><\/span><\/li>\n<li><span style=\"color: #3366ff;\"><a style=\"color: #3366ff;\" title=\"Mas 2014\" href=\"https:\/\/haiti.mit.edu\/ht\/atelye\/atelye-mas-2014\/\">Mas 2014: Pedagoji, Estatistik epi Fizik<\/a><\/span><\/li>\n<li><span style=\"color: #3366ff;\"><a style=\"color: #3366ff;\" title=\"August 2013\" href=\"https:\/\/haiti.mit.edu\/ht\/atelye\/atelye-out-2013\/\">Out 2013: Pedagoji, Biyoloji, Matematik epi Fizik <\/a><\/span><\/li>\n<li><span style=\"color: #3366ff;\"><a style=\"color: #3366ff;\" title=\"January 2013\" href=\"https:\/\/haiti.mit.edu\/ht\/atelye\/atelye-janvye-2013\/\">Janvye 2013: Biyoloji, Matematik epi Fizik <\/a><\/span><\/li>\n<li><span style=\"color: #3366ff;\"><a style=\"color: #3366ff;\" title=\"March 2012\" href=\"https:\/\/haiti.mit.edu\/ht\/atelye\/atelye-mas-2012\/\">Mas 2012: Biyoloji epi Fizik <\/a><\/span><\/li>\n<\/ul>\n\n","protected":false},"excerpt":{"rendered":"","protected":false},"author":1,"featured_media":0,"parent":0,"menu_order":0,"comment_status":"open","ping_status":"open","template":"","meta":{"ngg_post_thumbnail":0},"_links":{"self":[{"href":"https:\/\/haiti.mit.edu\/hat\/wp-json\/wp\/v2\/pages\/5047"}],"collection":[{"href":"https:\/\/haiti.mit.edu\/hat\/wp-json\/wp\/v2\/pages"}],"about":[{"href":"https:\/\/haiti.mit.edu\/hat\/wp-json\/wp\/v2\/types\/page"}],"author":[{"embeddable":true,"href":"https:\/\/haiti.mit.edu\/hat\/wp-json\/wp\/v2\/users\/1"}],"replies":[{"embeddable":true,"href":"https:\/\/haiti.mit.edu\/hat\/wp-json\/wp\/v2\/comments?post=5047"}],"version-history":[{"count":7,"href":"https:\/\/haiti.mit.edu\/hat\/wp-json\/wp\/v2\/pages\/5047\/revisions"}],"predecessor-version":[{"id":8643,"href":"https:\/\/haiti.mit.edu\/hat\/wp-json\/wp\/v2\/pages\/5047\/revisions\/8643"}],"wp:attachment":[{"href":"https:\/\/haiti.mit.edu\/hat\/wp-json\/wp\/v2\/media?parent=5047"}],"curies":[{"name":"wp","href":"https:\/\/api.w.org\/{rel}","templated":true}]}}