{"id":5704,"date":"2016-05-27T04:43:21","date_gmt":"2016-05-27T04:43:21","guid":{"rendered":"http:\/\/ling-phil.mit.edu\/mithaiti\/ht\/?page_id=5704"},"modified":"2022-10-13T11:46:35","modified_gmt":"2022-10-13T15:46:35","slug":"nouvel","status":"publish","type":"page","link":"https:\/\/haiti.mit.edu\/hat\/nouvel\/","title":{"rendered":"Nouv\u00e8l"},"content":{"rendered":"<div class=\"fusion-one-half fusion-layout-column fusion-spacing-yes\" style=\"margin-top:0px;margin-bottom:20px;\"><div class=\"fusion-column-wrapper\"><h3 style=\"color: #933;\">Nouv\u00e8l<\/h3>\n<div class=\"fusion-recent-posts avada-container layout-thumbnails-on-side layout-columns-1\"><section class=\"fusion-columns columns fusion-columns-1 columns-1\"><div class=\"fusion-column column col col-lg-12 col-md-12 col-sm-12\"><div class=\"fusion-flexslider flexslider floated-slideshow flexslider-hover-type-none\"><ul class=\"slides\"><li><a href=\"https:\/\/haiti.mit.edu\/hat\/ki-jan-pou-n-bati-plan-leson\/\" class=\"hover-type-none\"><img src=\"https:\/\/haiti.mit.edu\/wp-content\/uploads\/2019\/08\/WhatsApp-Image-2019-08-19-at-3.39.06-PM-177x142.jpeg\" alt=\"Yon kouvr\u00e8ti pou yon gid fizik\" \/><\/a><\/li><\/ul><\/div><div class=\"recent-posts-content\">\n\t\n\t\t\t<span class=\"vcard\" style=\"display: none;\">\n\t\t\t<span class=\"fn\">\n\t\t\t\t<a href=\"https:\/\/haiti.mit.edu\/hat\/author\/sorrah\/\" title=\"Posts by Sorrah Edwards-Thro\" rel=\"author\">Sorrah Edwards-Thro<\/a>\t\t\t<\/span>\n\t\t<\/span>\n\t\n\t\t\t<span class=\"updated\" style=\"display:none;\">\n\t\t\t2022-10-13T12:30:30-04:00\t\t<\/span>\n\t\n<h4 class=\"entry-title\"><a href=\"https:\/\/haiti.mit.edu\/hat\/ki-jan-pou-n-bati-plan-leson\/\">Ki Jan Pou N Bati Plan Leson Ki Djanm<\/a><\/h4><p class=\"meta\"><span><span class=\"date\">August 5th, 2019<\/span><\/span><span class=\"meta-separator\">|<\/span><span><span>Comments Off<span class=\"screen-reader-text\"> on Ki Jan Pou N Bati Plan Leson Ki Djanm<\/span><\/span><\/span><\/p><p>Dokiman pou preparasyon plan leson ki pou kore aprantisaj aktif - Glenda Stump Telechaje N ap pataje k\u00e8k paj nan yon dokiman Pw\u00f2f Glenda S. [...]<\/p><\/div><\/div><div class=\"fusion-clearfix\"><\/div><div class=\"fusion-column column col col-lg-12 col-md-12 col-sm-12\"><div class=\"recent-posts-content\">\n\t\n\t\t\t<span class=\"vcard\" style=\"display: none;\">\n\t\t\t<span class=\"fn\">\n\t\t\t\t<a href=\"https:\/\/haiti.mit.edu\/hat\/author\/sorrah\/\" title=\"Posts by Sorrah Edwards-Thro\" rel=\"author\">Sorrah Edwards-Thro<\/a>\t\t\t<\/span>\n\t\t<\/span>\n\t\n\t\t\t<span class=\"updated\" style=\"display:none;\">\n\t\t\t2022-10-13T12:29:59-04:00\t\t<\/span>\n\t\n<h4 class=\"entry-title\"><a href=\"https:\/\/haiti.mit.edu\/hat\/kesyon-lojistik\/\">Kesyon Sou Platf\u00f2m Lan<\/a><\/h4><p class=\"meta\"><span><span class=\"date\">July 29th, 2019<\/span><\/span><span class=\"meta-separator\">|<\/span><span><span>Comments Off<span class=\"screen-reader-text\"> on Kesyon Sou Platf\u00f2m Lan<\/span><\/span><\/span><\/p><p>Men repons sou k\u00e8k kesyon nou resevwa pi souvan sou platf\u00f2m lan apre nou te lanse ap\u00e8l la: Ki jan nou ka kontribye nan konbit [...]<\/p><\/div><\/div><div class=\"fusion-clearfix\"><\/div><div class=\"fusion-column column col col-lg-12 col-md-12 col-sm-12\"><div class=\"recent-posts-content\">\n\t\n\t\t\t<span class=\"vcard\" style=\"display: none;\">\n\t\t\t<span class=\"fn\">\n\t\t\t\t<a href=\"https:\/\/haiti.mit.edu\/hat\/author\/sorrah\/\" title=\"Posts by Sorrah Edwards-Thro\" rel=\"author\">Sorrah Edwards-Thro<\/a>\t\t\t<\/span>\n\t\t<\/span>\n\t\n\t\t\t<span class=\"updated\" style=\"display:none;\">\n\t\t\t2022-10-13T12:27:41-04:00\t\t<\/span>\n\t\n<h4 class=\"entry-title\"><a href=\"https:\/\/haiti.mit.edu\/hat\/ap-chache-grenadye\/\">Ap\u00e8l pou kontribit\u00e8<\/a><\/h4><p class=\"meta\"><span><span class=\"date\">June 14th, 2019<\/span><\/span><span class=\"meta-separator\">|<\/span><span><span>Comments Off<span class=\"screen-reader-text\"> on Ap\u00e8l pou kontribit\u00e8<\/span><\/span><\/span><\/p><p>Ale sou sit nou http:\/\/MIT-Ayiti.NET pou vizite platf\u00f2m lan (30 septanm). Platf\u00f2m MIT-Ayiti pou yon lek\u00f2l t\u00e8t an wo Envitasyon pou n devlope epi pataje [...]<\/p><\/div><\/div><div class=\"fusion-clearfix\"><\/div><div class=\"fusion-column column col col-lg-12 col-md-12 col-sm-12\"><div class=\"recent-posts-content\">\n\t\n\t\t\t<span class=\"vcard\" style=\"display: none;\">\n\t\t\t<span class=\"fn\">\n\t\t\t\t<a href=\"https:\/\/haiti.mit.edu\/hat\/author\/sorrah\/\" title=\"Posts by Sorrah Edwards-Thro\" rel=\"author\">Sorrah Edwards-Thro<\/a>\t\t\t<\/span>\n\t\t<\/span>\n\t\n\t\t\t<span class=\"updated\" style=\"display:none;\">\n\t\t\t2022-10-13T12:29:20-04:00\t\t<\/span>\n\t\n<h4 class=\"entry-title\"><a href=\"https:\/\/haiti.mit.edu\/hat\/echantiyon-leson\/\">Echantiyon Leson<\/a><\/h4><p class=\"meta\"><span><span class=\"date\">June 14th, 2019<\/span><\/span><span class=\"meta-separator\">|<\/span><span><span>Comments Off<span class=\"screen-reader-text\"> on Echantiyon Leson<\/span><\/span><\/span><\/p><p>Men k\u00e8k b\u00e8l echantiyon pou n lanse bibliyot\u00e8k nimerik pou lek\u00f2l t\u00e8t an wo. Men ki jan Paul Belony prezante yo: Pou bati yon kay, [...]<\/p><\/div><\/div><div class=\"fusion-clearfix\"><\/div><div class=\"fusion-column column col col-lg-12 col-md-12 col-sm-12\"><div class=\"recent-posts-content\">\n\t\n\t\t\t<span class=\"vcard\" style=\"display: none;\">\n\t\t\t<span class=\"fn\">\n\t\t\t\t<a href=\"https:\/\/haiti.mit.edu\/hat\/author\/olivier\/\" title=\"Posts by Olivier Midy\" rel=\"author\">Olivier Midy<\/a>\t\t\t<\/span>\n\t\t<\/span>\n\t\n\t\t\t<span class=\"updated\" style=\"display:none;\">\n\t\t\t2022-10-13T11:18:04-04:00\t\t<\/span>\n\t\n<h4 class=\"entry-title\"><a href=\"https:\/\/haiti.mit.edu\/hat\/mas-2017-senpozyom-mit-ayiti\/\">Mas 2017:  Senpozy\u00f2m MIT-Ayiti<\/a><\/h4><p class=\"meta\"><span><span class=\"date\">July 26th, 2017<\/span><\/span><span class=\"meta-separator\">|<\/span><span><span>Comments Off<span class=\"screen-reader-text\"> on Mas 2017:  Senpozy\u00f2m MIT-Ayiti<\/span><\/span><\/span><\/p><p>https:\/\/www.youtube.com\/watch?v=o6iw04lsY1I  Pwof. Michel DeGraff ak Vijay Kumar&nbsp;ap pale ak Carel Pedre nan Chokarella sou d\u00e8nye Senpozy\u00f2m MIT-Ayiti, ki te f\u00e8t 27 e 28 mas [...]<\/p><\/div><\/div><div class=\"fusion-clearfix\"><\/div><div class=\"fusion-column column col col-lg-12 col-md-12 col-sm-12\"><div class=\"fusion-flexslider flexslider floated-slideshow flexslider-hover-type-none\"><ul class=\"slides\"><li><a href=\"https:\/\/haiti.mit.edu\/hat\/degraff-resevwa-pri-lidechip-martin-luther-king-jr-nan-mit\/\" class=\"hover-type-none\"><img src=\"https:\/\/haiti.mit.edu\/wp-content\/uploads\/2015\/07\/degraff-mlk-speech.png\" alt=\"\" \/><\/a><\/li><\/ul><\/div><div class=\"recent-posts-content\">\n\t\n\t\t\t<span class=\"vcard\" style=\"display: none;\">\n\t\t\t<span class=\"fn\">\n\t\t\t\t<a href=\"https:\/\/haiti.mit.edu\/hat\/author\/olivier\/\" title=\"Posts by Olivier Midy\" rel=\"author\">Olivier Midy<\/a>\t\t\t<\/span>\n\t\t<\/span>\n\t\n\t\t\t<span class=\"updated\" style=\"display:none;\">\n\t\t\t2022-10-13T12:31:29-04:00\t\t<\/span>\n\t\n<h4 class=\"entry-title\"><a href=\"https:\/\/haiti.mit.edu\/hat\/degraff-resevwa-pri-lidechip-martin-luther-king-jr-nan-mit\/\">Degraff Resevwa Pri \u201cLid\u00e8chip Martin Luther King Jr.\u201d nan MIT<\/a><\/h4><p class=\"meta\"><span><span class=\"date\">June 26th, 2017<\/span><\/span><span class=\"meta-separator\">|<\/span><span><a href=\"https:\/\/haiti.mit.edu\/hat\/degraff-resevwa-pri-lidechip-martin-luther-king-jr-nan-mit\/#respond\">0 Comments<\/a><\/span><\/p><p>Mwen se yon Ayisyen natif-natal. Ann Ayiti, l\u00e8 nou antre nan yon kay, nou di \u201cOn\u00e8!\u201d Sa vle di ke nou onore moun ki nan [...]<\/p><\/div><\/div><div class=\"fusion-clearfix\"><\/div><div class=\"fusion-column column col col-lg-12 col-md-12 col-sm-12\"><div class=\"fusion-flexslider flexslider floated-slideshow flexslider-hover-type-none\"><ul class=\"slides\"><li><a href=\"https:\/\/haiti.mit.edu\/hat\/inisyativ-mit-ayiti-yon-angajman-entenasyonal\/\" class=\"hover-type-none\"><img src=\"https:\/\/haiti.mit.edu\/wp-content\/uploads\/2016\/08\/2-177x142.jpg\" alt=\"\" \/><\/a><\/li><\/ul><\/div><div class=\"recent-posts-content\">\n\t\n\t\t\t<span class=\"vcard\" style=\"display: none;\">\n\t\t\t<span class=\"fn\">\n\t\t\t\t<a href=\"https:\/\/haiti.mit.edu\/hat\/author\/kirky\/\" title=\"Posts by kirky\" rel=\"author\">kirky<\/a>\t\t\t<\/span>\n\t\t<\/span>\n\t\n\t\t\t<span class=\"updated\" style=\"display:none;\">\n\t\t\t2022-10-13T11:39:39-04:00\t\t<\/span>\n\t\n<h4 class=\"entry-title\"><a href=\"https:\/\/haiti.mit.edu\/hat\/inisyativ-mit-ayiti-yon-angajman-entenasyonal\/\">Inisyativ MIT-Ayiti: Yon Angajman Ent\u00e8nasyonal<\/a><\/h4><p class=\"meta\"><span><span class=\"date\">March 13th, 2017<\/span><\/span><span class=\"meta-separator\">|<\/span><span><span>Comments Off<span class=\"screen-reader-text\"> on Inisyativ MIT-Ayiti: Yon Angajman Ent\u00e8nasyonal<\/span><\/span><\/span><\/p><p>Haynes Miller Se Haynes Miller ki ekri atik sa a, ann angl\u00e8.\u00a0 Epi se Paul Belony ak Jacques Pierre ki mete t\u00e8t ansanm nan travay [...]<\/p><\/div><\/div><div class=\"fusion-clearfix\"><\/div><div class=\"fusion-column column col col-lg-12 col-md-12 col-sm-12\"><div class=\"recent-posts-content\">\n\t\n\t\t\t<span class=\"vcard\" style=\"display: none;\">\n\t\t\t<span class=\"fn\">\n\t\t\t\t<a href=\"https:\/\/haiti.mit.edu\/hat\/author\/lisanti\/\" title=\"Posts by lisanti\" rel=\"author\">lisanti<\/a>\t\t\t<\/span>\n\t\t<\/span>\n\t\n\t\t\t<span class=\"updated\" style=\"display:none;\">\n\t\t\t2022-10-13T12:32:03-04:00\t\t<\/span>\n\t\n<h4 class=\"entry-title\"><a href=\"https:\/\/haiti.mit.edu\/hat\/atelye-mas-2014\/\">Atelye mas 2014<\/a><\/h4><p class=\"meta\"><span><span class=\"date\">May 27th, 2016<\/span><\/span><span class=\"meta-separator\">|<\/span><span><span>Comments Off<span class=\"screen-reader-text\"> on Atelye mas 2014<\/span><\/span><\/span><\/p><p>Atelye MIT-Ayiti sou ans\u00e8yman pwobabilite & estatistik ki chita sou aprantisaj aktif san bary\u00e8 Ot\u00e8l Le Plaza, P\u00f2toprens, Ayiti, soti lendi 24 mas rive jedi [...]<\/p><\/div><\/div><div class=\"fusion-clearfix\"><\/div><div class=\"fusion-column column col col-lg-12 col-md-12 col-sm-12\"><div class=\"recent-posts-content\">\n\t\n\t\t\t<span class=\"vcard\" style=\"display: none;\">\n\t\t\t<span class=\"fn\">\n\t\t\t\t<a href=\"https:\/\/haiti.mit.edu\/hat\/author\/lisanti\/\" title=\"Posts by lisanti\" rel=\"author\">lisanti<\/a>\t\t\t<\/span>\n\t\t<\/span>\n\t\n\t\t\t<span class=\"updated\" style=\"display:none;\">\n\t\t\t2022-10-13T12:32:10-04:00\t\t<\/span>\n\t\n<h4 class=\"entry-title\"><a href=\"https:\/\/haiti.mit.edu\/hat\/atelye-jen-2014\/\">Atelye jen 2014<\/a><\/h4><p class=\"meta\"><span><span class=\"date\">May 27th, 2016<\/span><\/span><span class=\"meta-separator\">|<\/span><span><a href=\"https:\/\/haiti.mit.edu\/hat\/atelye-jen-2014\/#respond\">0 Comments<\/a><\/span><\/p><p>Atelye MIT Sloan sou \u201cLid\u00e8chip ak Travay ann Ekip\u201d Pwof. Deborah Ancona (MIT Sloan) an kolaborasyon ak Pwof. Michel DeGraff (Inisyativ MIT-Ayiti, Depatman Lengwistik ak [...]<\/p><\/div><\/div><div class=\"fusion-clearfix\"><\/div><div class=\"fusion-column column col col-lg-12 col-md-12 col-sm-12\"><div class=\"fusion-flexslider flexslider floated-slideshow flexslider-hover-type-none\"><ul class=\"slides\"><li><a href=\"https:\/\/haiti.mit.edu\/hat\/atelye-jen-2016\/\" class=\"hover-type-none\"><img src=\"https:\/\/haiti.mit.edu\/wp-content\/uploads\/2016\/05\/limonade-177x142.jpg\" alt=\"\" \/><\/a><\/li><\/ul><\/div><div class=\"recent-posts-content\">\n\t\n\t\t\t<span class=\"vcard\" style=\"display: none;\">\n\t\t\t<span class=\"fn\">\n\t\t\t\t<a href=\"https:\/\/haiti.mit.edu\/hat\/author\/lisanti\/\" title=\"Posts by lisanti\" rel=\"author\">lisanti<\/a>\t\t\t<\/span>\n\t\t<\/span>\n\t\n\t\t\t<span class=\"updated\" style=\"display:none;\">\n\t\t\t2022-10-13T11:40:37-04:00\t\t<\/span>\n\t\n<h4 class=\"entry-title\"><a href=\"https:\/\/haiti.mit.edu\/hat\/atelye-jen-2016\/\">Atelye jen 2016<\/a><\/h4><p class=\"meta\"><span><span class=\"date\">May 27th, 2016<\/span><\/span><span class=\"meta-separator\">|<\/span><span><a href=\"https:\/\/haiti.mit.edu\/hat\/atelye-jen-2016\/#respond\">0 Comments<\/a><\/span><\/p><p>Atelye sou edikasyon ki san bary\u00e8 e ki kore ak teknoloji Universit\u00e9 d\u2019\u00c9tat d\u2019Ha\u00efti, Campus Henry Christophe Limonade Lendi\u2013jedi 13\u201316 jen 2016 \u00d2ganizat\u00e8: \u00a0\u00a0 Audalbert [...]<\/p><\/div><\/div><div class=\"fusion-clearfix\"><\/div><div class=\"fusion-column column col col-lg-12 col-md-12 col-sm-12\"><div class=\"fusion-flexslider flexslider floated-slideshow flexslider-hover-type-none\"><ul class=\"slides\"><li><a href=\"https:\/\/haiti.mit.edu\/hat\/atelye-out-2015\/\" class=\"hover-type-none\"><img src=\"https:\/\/haiti.mit.edu\/wp-content\/uploads\/2015\/07\/2015worshop-177x142.jpg\" alt=\"\" \/><\/a><\/li><\/ul><\/div><div class=\"recent-posts-content\">\n\t\n\t\t\t<span class=\"vcard\" style=\"display: none;\">\n\t\t\t<span class=\"fn\">\n\t\t\t\t<a href=\"https:\/\/haiti.mit.edu\/hat\/author\/lisanti\/\" title=\"Posts by lisanti\" rel=\"author\">lisanti<\/a>\t\t\t<\/span>\n\t\t<\/span>\n\t\n\t\t\t<span class=\"updated\" style=\"display:none;\">\n\t\t\t2022-10-13T11:44:54-04:00\t\t<\/span>\n\t\n<h4 class=\"entry-title\"><a href=\"https:\/\/haiti.mit.edu\/hat\/atelye-out-2015\/\">Out 2015 Atelye<\/a><\/h4><p class=\"meta\"><span><span class=\"date\">July 24th, 2015<\/span><\/span><span class=\"meta-separator\">|<\/span><span><a href=\"https:\/\/haiti.mit.edu\/hat\/atelye-out-2015\/#respond\">0 Comments<\/a><\/span><\/p><p>Atelye sou edikasyon ki san bary\u00e8 e ki kore ak teknoloji Campus Henry Christophe Limonade, Iniv\u00e8site Leta Ayiti, Ayiti Lendi\u2013m\u00e8kredi 24\u201326 out 2015 \u00d2ganizat\u00e8: Audalbert [...]<\/p><\/div><\/div><div class=\"fusion-clearfix\"><\/div><div class=\"fusion-column column col col-lg-12 col-md-12 col-sm-12\"><div class=\"fusion-flexslider flexslider floated-slideshow flexslider-hover-type-none\"><ul class=\"slides\"><li><a href=\"https:\/\/haiti.mit.edu\/hat\/yon-nouvo-zouti-enpotan-ki-kapab-ede-timoun-ayiti-yo-aprann\/\" class=\"hover-type-none\"><img src=\"https:\/\/haiti.mit.edu\/wp-content\/uploads\/2015\/07\/creole-language-alphabet.jpeg\" alt=\"\" \/><\/a><\/li><\/ul><\/div><div class=\"recent-posts-content\">\n\t\n\t\t\t<span class=\"vcard\" style=\"display: none;\">\n\t\t\t<span class=\"fn\">\n\t\t\t\t<a href=\"https:\/\/haiti.mit.edu\/hat\/author\/lisanti\/\" title=\"Posts by lisanti\" rel=\"author\">lisanti<\/a>\t\t\t<\/span>\n\t\t<\/span>\n\t\n\t\t\t<span class=\"updated\" style=\"display:none;\">\n\t\t\t2022-10-13T11:43:13-04:00\t\t<\/span>\n\t\n<h4 class=\"entry-title\"><a href=\"https:\/\/haiti.mit.edu\/hat\/yon-nouvo-zouti-enpotan-ki-kapab-ede-timoun-ayiti-yo-aprann\/\">Yon nouvo zouti enp\u00f2tan ki kapab ede timoun Ayiti yo aprann<\/a><\/h4><p class=\"meta\"><span><span class=\"date\">June 24th, 2015<\/span><\/span><span class=\"meta-separator\">|<\/span><span><a href=\"https:\/\/haiti.mit.edu\/hat\/yon-nouvo-zouti-enpotan-ki-kapab-ede-timoun-ayiti-yo-aprann\/#respond\">0 Comments<\/a><\/span><\/p><p>\u201cImajinen yon nouvo Ayiti kote tout moun, finalman, kapab li ak ekri lang natif natal yo.\u201d \u2013 Michel DeGraff, Massachusetts Institute of Technology, Inisyativ MIT-Ayiti, [...]<\/p><\/div><\/div><div class=\"fusion-clearfix\"><\/div><\/section><\/div><div class=\"fusion-clearfix\"><\/div><\/div><\/div><div class=\"fusion-one-half fusion-layout-column fusion-column-last fusion-spacing-yes\" style=\"margin-top:0px;margin-bottom:20px;\"><div class=\"fusion-column-wrapper\" style=\"background-color:#f9f9f2;padding:10px;\"><h3><a href=\"https:\/\/www.facebook.com\/mithaiti\/\">Facebook<\/a><\/h3>\n<div class=\"cff-wrapper\"><div class=\"cff-wrapper-ctn  cff-wrapper-fixed-height\"  style=\"height:400px;\" ><div id=\"cff\"  class=\"cff cff-list-container  cff-fixed-height  cff-default-styles  cff-mob-cols-1 cff-tab-cols-1\"    data-char=\"400\" ><div class=\"cff-error-msg\">\n\t<div>\n\t\t<i class=\"fa fa-lock\" aria-hidden=\"true\" style=\"margin-right: 5px;\"><\/i><b>This message is only visible to admins.<\/b><br\/>\n\t\tProblem displaying Facebook posts.\t\t\t\t\t<br\/><a href=\"javascript:void(0);\" id=\"cff-show-error\" onclick=\"cffShowError()\">Click to show error<\/a>\n\t\t\t<script type=\"text\/javascript\">function cffShowError() { document.getElementById(\"cff-error-reason\").style.display = \"block\"; document.getElementById(\"cff-show-error\").style.display = \"none\"; }<\/script>\n\t\t\t<\/div>\n\t\t\t<div id=\"cff-error-reason\">\n\t\t\t\t\t\t\t\t\t\t\t\t\t\t\t\t\t\t\t\t\t\t\t\t\t\t\t\t\t\t\t\t\t<b>Error:<\/b> No posts available for this Facebook ID\t\t\t\t\t\t\t\t\n\t\t\t<\/div>\n\t\t\t\t\n<\/div>\n<div class=\"cff-posts-wrap\"><\/div><input class=\"cff-pag-url\" type=\"hidden\" data-locatornonce=\"4806784422\" data-cff-shortcode=\"\" data-post-id=\"5730\" data-feed-id=\"mithaiti\"><\/div><\/div><div class=\"cff-clear\"><\/div><\/div>\n<div class=\"fusion-clearfix\"><\/div><\/div><\/div><div class=\"fusion-clearfix\"><\/div>\n","protected":false},"excerpt":{"rendered":"","protected":false},"author":1,"featured_media":0,"parent":0,"menu_order":0,"comment_status":"closed","ping_status":"closed","template":"","meta":{"ngg_post_thumbnail":0},"_links":{"self":[{"href":"https:\/\/haiti.mit.edu\/hat\/wp-json\/wp\/v2\/pages\/5704"}],"collection":[{"href":"https:\/\/haiti.mit.edu\/hat\/wp-json\/wp\/v2\/pages"}],"about":[{"href":"https:\/\/haiti.mit.edu\/hat\/wp-json\/wp\/v2\/types\/page"}],"author":[{"embeddable":true,"href":"https:\/\/haiti.mit.edu\/hat\/wp-json\/wp\/v2\/users\/1"}],"replies":[{"embeddable":true,"href":"https:\/\/haiti.mit.edu\/hat\/wp-json\/wp\/v2\/comments?post=5704"}],"version-history":[{"count":13,"href":"https:\/\/haiti.mit.edu\/hat\/wp-json\/wp\/v2\/pages\/5704\/revisions"}],"predecessor-version":[{"id":9283,"href":"https:\/\/haiti.mit.edu\/hat\/wp-json\/wp\/v2\/pages\/5704\/revisions\/9283"}],"wp:attachment":[{"href":"https:\/\/haiti.mit.edu\/hat\/wp-json\/wp\/v2\/media?parent=5704"}],"curies":[{"name":"wp","href":"https:\/\/api.w.org\/{rel}","templated":true}]}}