{"id":5886,"date":"2016-05-10T01:22:11","date_gmt":"2016-05-10T01:22:11","guid":{"rendered":"http:\/\/ling-phil.mit.edu\/mithaiti\/ht\/active-learning\/"},"modified":"2016-06-10T16:33:20","modified_gmt":"2016-06-10T16:33:20","slug":"aprantisaj-aktif","status":"publish","type":"page","link":"https:\/\/haiti.mit.edu\/hat\/aprantisaj-aktif\/","title":{"rendered":"Aprantisaj aktif"},"content":{"rendered":"<h3>Sa se m\u00f2so nan prezantasyon Pwof. Glenda Stump sou aprantisaj aktif.  Se Tatiana Behrmann k ap tradui an krey\u00f2l.<\/h3>\n<p><iframe loading=\"lazy\" width=\"640\" height=\"360\" src=\"https:\/\/www.youtube.com\/embed\/wz4T8bG87gY\" frameborder=\"0\" allowfullscreen><\/iframe><\/p>\n<p>Prezantasyon sa a te f\u00e8t nan  <a href=\"http:\/\/haiti.mit.edu\/workshops\/august-2013-workshop\/\">Atelye MIT-Ayiti an out 2015<\/a>:<\/p>\n<p>Atelye MIT-Ayiti\/CHCL<br \/>\nUniversit\u00e9 d&#8217;Etat d&#8217;Ha\u00efti<br \/>\nCampus Henry Christophe<br \/>\nLimonade<\/p>\n<p>Port-au-Prince, Haiti<\/p>\n<p>Videyograf:  Kendy V\u00e9rilus <\/p>\n","protected":false},"excerpt":{"rendered":"<p>Sa se m\u00f2so nan prezantasyon Pwof. Glenda Stump sou aprantisaj aktif. Se Tatiana Behrmann k ap tradui an krey\u00f2l. Prezantasyon sa a te f\u00e8t nan Atelye MIT-Ayiti an out 2015: Atelye MIT-Ayiti\/CHCL Universit\u00e9 d&#8217;Etat d&#8217;Ha\u00efti Campus Henry Christophe Limonade Port-au-Prince, Haiti Videyograf: Kendy V\u00e9rilus<\/p>\n","protected":false},"author":1,"featured_media":0,"parent":0,"menu_order":0,"comment_status":"closed","ping_status":"closed","template":"","meta":{"ngg_post_thumbnail":0},"_links":{"self":[{"href":"https:\/\/haiti.mit.edu\/hat\/wp-json\/wp\/v2\/pages\/5886"}],"collection":[{"href":"https:\/\/haiti.mit.edu\/hat\/wp-json\/wp\/v2\/pages"}],"about":[{"href":"https:\/\/haiti.mit.edu\/hat\/wp-json\/wp\/v2\/types\/page"}],"author":[{"embeddable":true,"href":"https:\/\/haiti.mit.edu\/hat\/wp-json\/wp\/v2\/users\/1"}],"replies":[{"embeddable":true,"href":"https:\/\/haiti.mit.edu\/hat\/wp-json\/wp\/v2\/comments?post=5886"}],"version-history":[{"count":15,"href":"https:\/\/haiti.mit.edu\/hat\/wp-json\/wp\/v2\/pages\/5886\/revisions"}],"predecessor-version":[{"id":6512,"href":"https:\/\/haiti.mit.edu\/hat\/wp-json\/wp\/v2\/pages\/5886\/revisions\/6512"}],"wp:attachment":[{"href":"https:\/\/haiti.mit.edu\/hat\/wp-json\/wp\/v2\/media?parent=5886"}],"curies":[{"name":"wp","href":"https:\/\/api.w.org\/{rel}","templated":true}]}}