{"id":6137,"date":"2014-10-06T11:13:55","date_gmt":"2014-10-06T15:13:55","guid":{"rendered":"http:\/\/ling-phil.mit.edu\/mithaiti\/ht\/resous\/star\/"},"modified":"2023-06-29T16:46:47","modified_gmt":"2023-06-29T20:46:47","slug":"star","status":"publish","type":"page","link":"https:\/\/haiti.mit.edu\/hat\/resous\/star\/","title":{"rendered":"StarBiochem ak StarGenetics"},"content":{"rendered":"<div class=\"fusion-fullwidth fullwidth-box fusion-fullwidth-1  fusion-parallax-none nonhundred-percent-fullwidth\" style=\"border-color:#eae9e9;border-bottom-width: 0px;border-top-width: 0px;border-bottom-style: solid;border-top-style: solid;padding-bottom:20px;padding-top:20px;padding-left:;padding-right:;background-color:rgba(255,255,255,0);\"><style type=\"text\/css\" scoped=\"scoped\">.fusion-fullwidth-1 {\n                            padding-left: px !important;\n                            padding-right: px !important;\n                        }<\/style><div class=\"fusion-row\"><div class=\"fusion-one-full fusion-layout-column fusion-column-last fusion-spacing-yes\" style=\"margin-top:0px;margin-bottom:20px;\"><div class=\"fusion-column-wrapper\"><p>Lojisy\u00e8l \u201cStar\u201d yo se zouti nimerik ki p\u00e8m\u00e8t pwofes\u00e8 yo prezante met\u00f2d rech\u00e8ch epi aplike met\u00f2d sa yo rapido presto nan sal klas. Lojisy\u00e8l Star yo p\u00e8m\u00e8t etidyan yo jwenn posiblite pou yo f\u00e8 etid sou pwoteyin epi sou varyasyon jenetik, san yo pa oblije gen ni ekipman avanse ni laboratwa ki byen ekipe. Zouti Star sa yo ka s\u00e8vi pou analize kons\u00e8p ki fondamantal nan rech\u00e8ch sou jenetik epi biyochimi.<\/p>\n<div class=\"fusion-clearfix\"><\/div><\/div><\/div><div class=\"fusion-clearfix\"><\/div><\/div><\/div><div class=\"fusion-fullwidth fullwidth-box fusion-fullwidth-2  fusion-parallax-none nonhundred-percent-fullwidth\" style=\"border-color:#eae9e9;border-bottom-width: 0px;border-top-width: 0px;border-bottom-style: solid;border-top-style: solid;padding-bottom:20px;padding-top:20px;padding-left:;padding-right:;background-color:#f8f2e7;\"><style type=\"text\/css\" scoped=\"scoped\">.fusion-fullwidth-2 {\n                            padding-left: px !important;\n                            padding-right: px !important;\n                        }<\/style><div class=\"fusion-row\"><div class=\"fusion-two-third fusion-layout-column fusion-spacing-yes\" style=\"margin-top:0px;margin-bottom:20px;\"><div class=\"fusion-column-wrapper\"><h2>Gid sou videyo an krey\u00f2l pou StarBiochem<\/h2>\n<div class=\"fusion-clearfix\"><\/div><\/div><\/div><div class=\"fusion-one-third fusion-layout-column fusion-column-last fusion-spacing-yes\" style=\"margin-top:0px;margin-bottom:20px;\"><div class=\"fusion-column-wrapper\"><p>Angle: <a href=\"http:\/\/star.mit.edu\/biochem\/\">StarBiochem<\/a><\/p>\n<div class=\"fusion-clearfix\"><\/div><\/div><\/div><div class=\"fusion-clearfix\"><\/div><div class=\"fusion-one-third fusion-layout-column fusion-spacing-yes\" style=\"margin-top:0px;margin-bottom:20px;\"><div class=\"fusion-column-wrapper\"><p><a href=\"https:\/\/youtu.be\/h2JPOqFfnCg\"><img loading=\"lazy\" class=\"alignnone size-medium wp-image-3693\" src=\"http:\/\/haiti.mit.edu\/wp-content\/uploads\/2015\/07\/starbiochem-tutorial-1-kreyol-300x169.png\" alt=\"starbiochem-tutorial-1-kreyol\" width=\"300\" height=\"169\" srcset=\"https:\/\/haiti.mit.edu\/wp-content\/uploads\/2015\/07\/starbiochem-tutorial-1-kreyol-300x169.png 300w, https:\/\/haiti.mit.edu\/wp-content\/uploads\/2015\/07\/starbiochem-tutorial-1-kreyol-768x433.png 768w, https:\/\/haiti.mit.edu\/wp-content\/uploads\/2015\/07\/starbiochem-tutorial-1-kreyol.png 942w\" sizes=\"(max-width: 300px) 100vw, 300px\" \/><\/a><\/p>\n<p>Gid sou videyo pou StarBiochem, #1<br \/>\nStarBiochem Tutorial 1<\/p>\n<div class=\"fusion-clearfix\"><\/div><\/div><\/div><div class=\"fusion-one-third fusion-layout-column fusion-spacing-yes\" style=\"margin-top:0px;margin-bottom:20px;\"><div class=\"fusion-column-wrapper\"><p><a href=\"https:\/\/youtu.be\/MJ2n660MnkM\"><img loading=\"lazy\" class=\"alignnone size-medium wp-image-3689\" src=\"http:\/\/haiti.mit.edu\/wp-content\/uploads\/2015\/07\/starbiochem-tutorial-2-kreyol-300x169.png\" alt=\"starbiochem-tutorial-2-kreyol\" width=\"300\" height=\"169\" srcset=\"https:\/\/haiti.mit.edu\/wp-content\/uploads\/2015\/07\/starbiochem-tutorial-2-kreyol-300x169.png 300w, https:\/\/haiti.mit.edu\/wp-content\/uploads\/2015\/07\/starbiochem-tutorial-2-kreyol-768x433.png 768w, https:\/\/haiti.mit.edu\/wp-content\/uploads\/2015\/07\/starbiochem-tutorial-2-kreyol.png 942w\" sizes=\"(max-width: 300px) 100vw, 300px\" \/><\/a><\/p>\n<p>Gid sou videyo pou StarBiochem, #2<br \/>\nStarBiochem Tutorial 2<\/p>\n<div class=\"fusion-clearfix\"><\/div><\/div><\/div><div class=\"fusion-one-third fusion-layout-column fusion-column-last fusion-spacing-yes\" style=\"margin-top:0px;margin-bottom:20px;\"><div class=\"fusion-column-wrapper\"><p><a href=\"https:\/\/youtu.be\/LPbpYkvjluU\"><img loading=\"lazy\" class=\"alignnone size-medium wp-image-3688\" src=\"http:\/\/haiti.mit.edu\/wp-content\/uploads\/2015\/07\/starbiochem-tutorial-3-kreyol-300x169.png\" alt=\"starbiochem-tutorial-3-kreyol\" width=\"300\" height=\"169\" srcset=\"https:\/\/haiti.mit.edu\/wp-content\/uploads\/2015\/07\/starbiochem-tutorial-3-kreyol-300x169.png 300w, https:\/\/haiti.mit.edu\/wp-content\/uploads\/2015\/07\/starbiochem-tutorial-3-kreyol-768x433.png 768w, https:\/\/haiti.mit.edu\/wp-content\/uploads\/2015\/07\/starbiochem-tutorial-3-kreyol.png 942w\" sizes=\"(max-width: 300px) 100vw, 300px\" \/><\/a><\/p>\n<p>Gid sou videyo pou StarBiochem, #3<br \/>\nStarBiochem Tutorial 3<\/p>\n<div class=\"fusion-clearfix\"><\/div><\/div><\/div><div class=\"fusion-clearfix\"><\/div><div class=\"fusion-one-full fusion-layout-column fusion-column-last fusion-spacing-yes\" style=\"margin-top:0px;margin-bottom:20px;\"><div class=\"fusion-column-wrapper\"><p><a href=\"https:\/\/web.mit.edu\/mit-haiti\/star\/StarBiochem.zip\">Nou ka telechaje StarBiochem sou \u00f2dinat\u00e8 nou<\/a><br \/>\n.<\/p>\n<div class=\"fusion-clearfix\"><\/div><\/div><\/div><div class=\"fusion-clearfix\"><\/div><\/div><\/div><div class=\"fusion-fullwidth fullwidth-box fusion-fullwidth-3  fusion-parallax-none nonhundred-percent-fullwidth\" style=\"border-color:#eae9e9;border-bottom-width: 0px;border-top-width: 0px;border-bottom-style: solid;border-top-style: solid;padding-bottom:20px;padding-top:20px;padding-left:;padding-right:;background-color:#f2f7f8;\"><style type=\"text\/css\" scoped=\"scoped\">.fusion-fullwidth-3 {\n                            padding-left: px !important;\n                            padding-right: px !important;\n                        }<\/style><div class=\"fusion-row\"><div class=\"fusion-two-third fusion-layout-column fusion-spacing-yes\" style=\"margin-top:0px;margin-bottom:20px;\"><div class=\"fusion-column-wrapper\"><h2>Gid sou videyo an krey\u00f2l pou StarGenetics<\/h2>\n<div class=\"fusion-clearfix\"><\/div><\/div><\/div><div class=\"fusion-one-third fusion-layout-column fusion-column-last fusion-spacing-yes\" style=\"margin-top:0px;margin-bottom:20px;\"><div class=\"fusion-column-wrapper\"><p>Go to <a href=\"http:\/\/star.mit.edu\/genetics\/\">StarGenetics in English<\/a><\/p>\n<div class=\"fusion-clearfix\"><\/div><\/div><\/div><div class=\"fusion-clearfix\"><\/div><div class=\"fusion-one-third fusion-layout-column fusion-spacing-yes\" style=\"margin-top:0px;margin-bottom:20px;\"><div class=\"fusion-column-wrapper\"><p><a href=\"https:\/\/youtu.be\/JqPE5eun8T4\"><img loading=\"lazy\" class=\"alignnone size-medium wp-image-3690\" src=\"http:\/\/haiti.mit.edu\/wp-content\/uploads\/2015\/07\/stargenetics-tutorial-1-kreyol-300x169.png\" alt=\"stargenetics-tutorial-1-kreyol\" width=\"300\" height=\"169\" srcset=\"https:\/\/haiti.mit.edu\/wp-content\/uploads\/2015\/07\/stargenetics-tutorial-1-kreyol-300x169.png 300w, https:\/\/haiti.mit.edu\/wp-content\/uploads\/2015\/07\/stargenetics-tutorial-1-kreyol-768x433.png 768w, https:\/\/haiti.mit.edu\/wp-content\/uploads\/2015\/07\/stargenetics-tutorial-1-kreyol.png 941w\" sizes=\"(max-width: 300px) 100vw, 300px\" \/><\/a><\/p>\n<p>Gid sou videyo pou StarGenetics, #1<br \/>\nStarGenetics Tutorial 1<\/p>\n<div class=\"fusion-clearfix\"><\/div><\/div><\/div><div class=\"fusion-one-third fusion-layout-column fusion-spacing-yes\" style=\"margin-top:0px;margin-bottom:20px;\"><div class=\"fusion-column-wrapper\"><p><a href=\"https:\/\/youtu.be\/I-RqGgf5XW4\"><img loading=\"lazy\" class=\"alignnone size-medium wp-image-3684\" src=\"http:\/\/haiti.mit.edu\/wp-content\/uploads\/2015\/07\/stargenetics-tutorial-2-kreyol-300x169.png\" alt=\"stargenetics-tutorial-2-kreyol\" width=\"300\" height=\"169\" srcset=\"https:\/\/haiti.mit.edu\/wp-content\/uploads\/2015\/07\/stargenetics-tutorial-2-kreyol-300x169.png 300w, https:\/\/haiti.mit.edu\/wp-content\/uploads\/2015\/07\/stargenetics-tutorial-2-kreyol-768x433.png 768w, https:\/\/haiti.mit.edu\/wp-content\/uploads\/2015\/07\/stargenetics-tutorial-2-kreyol.png 941w\" sizes=\"(max-width: 300px) 100vw, 300px\" \/><\/a><\/p>\n<p>Gid sou videyo pou StarGenetics, #2<br \/>\nStarGenetics Tutorial 2<\/p>\n<div class=\"fusion-clearfix\"><\/div><\/div><\/div><div class=\"fusion-one-third fusion-layout-column fusion-column-last fusion-spacing-yes\" style=\"margin-top:0px;margin-bottom:20px;\"><div class=\"fusion-column-wrapper\"><p><a href=\"https:\/\/youtu.be\/w0TrOm7ypT8\"><img loading=\"lazy\" class=\"alignnone size-medium wp-image-3685\" src=\"http:\/\/haiti.mit.edu\/wp-content\/uploads\/2015\/07\/stargenetics-tutorial-3-kreyol-300x169.png\" alt=\"stargenetics-tutorial-3-kreyol\" width=\"300\" height=\"169\" srcset=\"https:\/\/haiti.mit.edu\/wp-content\/uploads\/2015\/07\/stargenetics-tutorial-3-kreyol-300x169.png 300w, https:\/\/haiti.mit.edu\/wp-content\/uploads\/2015\/07\/stargenetics-tutorial-3-kreyol-768x432.png 768w, https:\/\/haiti.mit.edu\/wp-content\/uploads\/2015\/07\/stargenetics-tutorial-3-kreyol.png 942w\" sizes=\"(max-width: 300px) 100vw, 300px\" \/><\/a><\/p>\n<p>Gid sou videyo pou StarGenetics, #3<br \/>\nStarGenetics Tutorial 3<\/p>\n<div class=\"fusion-clearfix\"><\/div><\/div><\/div><div class=\"fusion-clearfix\"><\/div><div class=\"fusion-one-full fusion-layout-column fusion-column-last fusion-spacing-yes\" style=\"margin-top:0px;margin-bottom:20px;\"><div class=\"fusion-column-wrapper\"><p><a href=\"https:\/\/web.mit.edu\/mit-haiti\/star\/StarGenetics.zip\">Nou ka telechaje StarGenetics sou \u00f2dinat\u00e8 nou<\/a><\/p>\n<div class=\"fusion-clearfix\"><\/div><\/div><\/div><div class=\"fusion-clearfix\"><\/div><\/div><\/div><h3>Building your own StarGenetics Exercises<\/h3>\n<ul>\n<li style=\"list-style-type: none;\">\n<ul>\n<li><a href=\"http:\/\/haiti.mit.edu\/wp-content\/uploads\/2015\/01\/KREYOL-Building-StarGenetics-Exercises-FliesYeast-Ver2.pdf\" target=\"_blank\" rel=\"noopener\">Building Exercises for Fruit Flies and Yeast<\/a>\n<ul>\n<li><a href=\"http:\/\/haiti.mit.edu\/wp-content\/uploads\/2015\/01\/KREYOL-1-AutoRec-Ver2.xls\" target=\"_blank\" rel=\"noopener\">Fruit Fly: AutoRec<\/a><\/li>\n<li><a href=\"http:\/\/haiti.mit.edu\/wp-content\/uploads\/2015\/01\/KREYOL-2-AutoRecDom-Completed-Ver2.xls\" target=\"_blank\" rel=\"noopener\">Fruit Fly: AutoRecDom Completed<\/a><\/li>\n<li><a href=\"http:\/\/haiti.mit.edu\/wp-content\/uploads\/2015\/01\/KREYOL-2-AutoRecDom-Exercise-Ver2.xls\" target=\"_blank\" rel=\"noopener\">Fruit Fly: AutoRecDom Exercise<\/a><\/li>\n<li><a href=\"http:\/\/haiti.mit.edu\/wp-content\/uploads\/2015\/01\/KREYOL-3-Lethality-Ver2.xls\" target=\"_blank\" rel=\"noopener\">Fruit Fly: Lethality<\/a><\/li>\n<li><a href=\"http:\/\/haiti.mit.edu\/wp-content\/uploads\/2015\/01\/KREYOL-4-XLinkage-Ver2.xls\" target=\"_blank\" rel=\"noopener\">Fruit Fly: XLinkage<\/a><\/li>\n<li><a href=\"http:\/\/haiti.mit.edu\/wp-content\/uploads\/2015\/01\/KREYOL-5-LinkedGenes-Ver2.xls\" target=\"_blank\" rel=\"noopener\">Fruit Fly: Linked Genes<\/a><\/li>\n<li><a href=\"http:\/\/haiti.mit.edu\/wp-content\/uploads\/2015\/01\/KREYOL-6-AlleleSeries-Ver2.xls\" target=\"_blank\" rel=\"noopener\">Fruit Fly: Allele Series<\/a><\/li>\n<li><a href=\"http:\/\/haiti.mit.edu\/wp-content\/uploads\/2015\/01\/KREYOL-7-Epistasis-Ver2.xls\" target=\"_blank\" rel=\"noopener\">Fruit Fly: Epistasis<\/a><\/li>\n<li><a href=\"http:\/\/haiti.mit.edu\/wp-content\/uploads\/2015\/01\/KREYOL-YeastSourceFile.xls\" target=\"_blank\" rel=\"noopener\">Yeast: Source file<\/a><\/li>\n<\/ul>\n<\/li>\n<li><a href=\"http:\/\/haiti.mit.edu\/wp-content\/uploads\/2015\/01\/KREYOL-Building-StarGenetics-Exercises-Peas-Ver2.pdf\" target=\"_blank\" rel=\"noopener\">Building Exercises for Peas<\/a>\n<ul>\n<li><a href=\"http:\/\/haiti.mit.edu\/wp-content\/uploads\/2015\/01\/KREYOL-Peas-Workbook-Ver1.xls\" target=\"_blank\" rel=\"noopener\">Peas: Workbook<\/a><\/li>\n<\/ul>\n<\/li>\n<\/ul>\n<\/li>\n<\/ul>\n\n","protected":false},"excerpt":{"rendered":"","protected":false},"author":7,"featured_media":0,"parent":5056,"menu_order":0,"comment_status":"open","ping_status":"open","template":"100-width.php","meta":{"ngg_post_thumbnail":0},"_links":{"self":[{"href":"https:\/\/haiti.mit.edu\/hat\/wp-json\/wp\/v2\/pages\/6137"}],"collection":[{"href":"https:\/\/haiti.mit.edu\/hat\/wp-json\/wp\/v2\/pages"}],"about":[{"href":"https:\/\/haiti.mit.edu\/hat\/wp-json\/wp\/v2\/types\/page"}],"author":[{"embeddable":true,"href":"https:\/\/haiti.mit.edu\/hat\/wp-json\/wp\/v2\/users\/7"}],"replies":[{"embeddable":true,"href":"https:\/\/haiti.mit.edu\/hat\/wp-json\/wp\/v2\/comments?post=6137"}],"version-history":[{"count":25,"href":"https:\/\/haiti.mit.edu\/hat\/wp-json\/wp\/v2\/pages\/6137\/revisions"}],"predecessor-version":[{"id":9337,"href":"https:\/\/haiti.mit.edu\/hat\/wp-json\/wp\/v2\/pages\/6137\/revisions\/9337"}],"up":[{"embeddable":true,"href":"https:\/\/haiti.mit.edu\/hat\/wp-json\/wp\/v2\/pages\/5056"}],"wp:attachment":[{"href":"https:\/\/haiti.mit.edu\/hat\/wp-json\/wp\/v2\/media?parent=6137"}],"curies":[{"name":"wp","href":"https:\/\/api.w.org\/{rel}","templated":true}]}}