{"id":6459,"date":"2016-06-08T20:14:32","date_gmt":"2016-06-08T20:14:32","guid":{"rendered":"http:\/\/ling-phil.mit.edu\/mithaiti\/ht\/resous\/mathlets\/linphaseporcursor\/"},"modified":"2017-06-27T13:08:05","modified_gmt":"2017-06-27T17:08:05","slug":"linphaseporcursor","status":"publish","type":"page","link":"https:\/\/haiti.mit.edu\/hat\/resous\/mathlets\/linphaseporcursor\/","title":{"rendered":"P\u00f2tr\u00e8 faz Liney\u00e8: Anre Klik\u00e8"},"content":{"rendered":"<p><iframe frameborder=\"0\"src=\"\/\/mathlets.org\/javascript\/mathlets-kreyol\/linPhasePorCursor.html\" width=\"100%\" height=\"700px\"><\/iframe><\/p>\n","protected":false},"excerpt":{"rendered":"","protected":false},"author":1,"featured_media":0,"parent":6104,"menu_order":0,"comment_status":"closed","ping_status":"closed","template":"","meta":{"ngg_post_thumbnail":0},"_links":{"self":[{"href":"https:\/\/haiti.mit.edu\/hat\/wp-json\/wp\/v2\/pages\/6459"}],"collection":[{"href":"https:\/\/haiti.mit.edu\/hat\/wp-json\/wp\/v2\/pages"}],"about":[{"href":"https:\/\/haiti.mit.edu\/hat\/wp-json\/wp\/v2\/types\/page"}],"author":[{"embeddable":true,"href":"https:\/\/haiti.mit.edu\/hat\/wp-json\/wp\/v2\/users\/1"}],"replies":[{"embeddable":true,"href":"https:\/\/haiti.mit.edu\/hat\/wp-json\/wp\/v2\/comments?post=6459"}],"version-history":[{"count":2,"href":"https:\/\/haiti.mit.edu\/hat\/wp-json\/wp\/v2\/pages\/6459\/revisions"}],"predecessor-version":[{"id":7106,"href":"https:\/\/haiti.mit.edu\/hat\/wp-json\/wp\/v2\/pages\/6459\/revisions\/7106"}],"up":[{"embeddable":true,"href":"https:\/\/haiti.mit.edu\/hat\/wp-json\/wp\/v2\/pages\/6104"}],"wp:attachment":[{"href":"https:\/\/haiti.mit.edu\/hat\/wp-json\/wp\/v2\/media?parent=6459"}],"curies":[{"name":"wp","href":"https:\/\/api.w.org\/{rel}","templated":true}]}}