{"id":8616,"date":"2018-07-11T22:11:48","date_gmt":"2018-07-12T02:11:48","guid":{"rendered":"https:\/\/haiti.mit.edu\/ht\/?page_id=8616"},"modified":"2018-07-12T13:03:25","modified_gmt":"2018-07-12T17:03:25","slug":"senpozyom-mas-2017","status":"publish","type":"page","link":"https:\/\/haiti.mit.edu\/hat\/senpozyom-mas-2017\/","title":{"rendered":"Senpozy\u00f2m Mas 2017 Kalandriye"},"content":{"rendered":"<h3 style=\"text-align: center;\"><strong>Senpozy\u00f2m MIT-Ayiti <\/strong><\/h3>\n<h3 style=\"text-align: center;\"><strong>27\u201328 mas 2017<\/strong><\/h3>\n<p><strong>Lendi 27 mas:<\/strong><\/p>\n<table>\n<tbody>\n<tr>\n<td width=\"150\">8:00 \u2013 9:00am<\/td>\n<td>Ak\u00e8y<\/td>\n<\/tr>\n<tr>\n<td>9:00 \u2013 10:00am<\/td>\n<td>Senpozy\u00f2m MIT-Ayiti: Lansman, Istorik &amp; Objektif | <em>Michel DeGraff &amp; Vijay Kumar <\/em><\/td>\n<\/tr>\n<tr>\n<td>10:00 \u2013 12:00pm<\/td>\n<td>Inisyativ MIT-Ayiti: Kote n rive? Ki sa n aprann sou wout? | <em>Michel DeGraff &amp; Glenda Stump<\/em><\/td>\n<\/tr>\n<tr>\n<td>12:00 \u2013 1:30pm<\/td>\n<td>Manje midi &amp; brase lide sou post\u00e8 | <em>An n fouye zo nan kalalou nan aprantisaj aktif nan div\u00e8s pwoj\u00e8 edikasyon<\/em><\/td>\n<\/tr>\n<tr>\n<td>1:30 \u2013 2:30pm<\/td>\n<td>Prezantasyon: Campus Henry Christophe, Limonade, Universit\u00e9 d\u2019\u00c9tat d\u2019Ha\u00efti | <em>Audalbert Bien-Aim\u00e9<\/em><\/td>\n<\/tr>\n<tr>\n<td>2:30 \u2013 3:30pm<\/td>\n<td>Prezantasyon: Konbit MIT-Ayiti| <em>Abdias Augustin,&nbsp; Jean Genis Dorvilien, Jimmy Fedna, Etrenne Fran\u00e7ois, Guerda Jean-Guillaume, Adler Thomas<\/em><\/td>\n<\/tr>\n<tr>\n<td>3:30 \u2013 4:30pm<\/td>\n<td>Prezantasyon: Lek\u00f2l Kominot\u00e8 Mat\u00e8nwa| <em>Chris Low &amp; Abner Sauveur<\/em><\/td>\n<\/tr>\n<tr>\n<td>4:30pm<\/td>\n<td>Ranmase epi pataje&nbsp;| <em>Michel DeGraff<\/em><\/td>\n<\/tr>\n<\/tbody>\n<\/table>\n<p><em><strong><br \/>\nTuesday&nbsp;March 28:<\/strong><\/em><\/p>\n<table>\n<tbody>\n<tr>\n<td width=\"150\">8:00 \u2013 9:00am<\/td>\n<td>Ak\u00e8y<\/td>\n<\/tr>\n<tr>\n<td>9:00 \u2013 9:15am<\/td>\n<td>Byenveni epi rap\u00e8l | <em>Michel DeGraff &amp; Vijay Kumar<\/em><\/td>\n<\/tr>\n<tr>\n<td>9:15 \u2013 11:00am<\/td>\n<td>Pan\u00e8l: Defi epi siks\u00e8 nan itilizasyon lang mat\u00e8n\u00e8l nan edikasyon<em>&nbsp;| Michel DeGraff (Moderator), Hubert Devonish &amp; Julian Hylton-Chambers (University of the West Indies), Marta Dijkhoff (Alsa Papiamentu &amp; Dijkhoff Learning Unlimited), Chris Low &amp; Abner Sauveur (Lek\u00f2l Kominot\u00e8 Mat\u00e8nwa), Marjoto L. Mathurin (Iniv\u00e8site Karayib), Akademisyen Pauris Jean-Baptiste (Akademi Krey\u00f2l Ayisyen)<\/em><\/td>\n<\/tr>\n<tr>\n<td>11:00 \u2013 12:00pm<\/td>\n<td>Brase lide: Eksperyans Inisyativ MIT-Ayiti a | <em>Michel DeGraff &amp; Haynes Miller (Facilitators)<\/em><\/td>\n<\/tr>\n<tr>\n<td>12:00 \u2013 1:00pm<\/td>\n<td>Manje midi\u2014Bingo pou kreye rezo | <em>Meet someone new &amp; get to know your colleagues<\/em><\/td>\n<\/tr>\n<tr>\n<td>1:00 \u2013 2:00pm<\/td>\n<td>Prochen etap nan lavni&nbsp;| <em>Michel DeGraff &amp; Vijay Kumar<\/em><\/td>\n<\/tr>\n<tr>\n<td>2:00 \u2013 3:30pm<\/td>\n<td>Estrateji amonizasyon \u201cmen anpil, chay pa lou\u201d\u2014Travay an tab wonn |<em> Tout patisipan yo \u2022 Kreye kominote ki gen menm enter\u00e8, menm objektif \u2022 Brase lide sou lide patisipan yo &amp; sou op\u00f2tinite ke yo ka pataje \u2022 Idantifye lide ki ka ede planifye pou lavni<\/em><\/td>\n<\/tr>\n<tr>\n<td>3:30pm<\/td>\n<td>Ranmase, pataje epi kalkile lavni | <em>Tout patisipan yo<\/em><\/td>\n<\/tr>\n<\/tbody>\n<\/table>\n","protected":false},"excerpt":{"rendered":"<p>Senpozy\u00f2m MIT-Ayiti 27\u201328 mas 2017 Lendi 27 mas: 8:00 \u2013 9:00am Ak\u00e8y 9:00 \u2013 10:00am Senpozy\u00f2m MIT-Ayiti: Lansman, Istorik &amp; Objektif | Michel DeGraff &amp; Vijay Kumar 10:00 \u2013 12:00pm Inisyativ MIT-Ayiti: Kote n rive? Ki sa n aprann sou wout? | Michel DeGraff &amp; Glenda Stump 12:00 \u2013 1:30pm Manje midi &amp; brase lide [&hellip;]<\/p>\n","protected":false},"author":14,"featured_media":0,"parent":0,"menu_order":0,"comment_status":"closed","ping_status":"closed","template":"","meta":{"ngg_post_thumbnail":0},"_links":{"self":[{"href":"https:\/\/haiti.mit.edu\/hat\/wp-json\/wp\/v2\/pages\/8616"}],"collection":[{"href":"https:\/\/haiti.mit.edu\/hat\/wp-json\/wp\/v2\/pages"}],"about":[{"href":"https:\/\/haiti.mit.edu\/hat\/wp-json\/wp\/v2\/types\/page"}],"author":[{"embeddable":true,"href":"https:\/\/haiti.mit.edu\/hat\/wp-json\/wp\/v2\/users\/14"}],"replies":[{"embeddable":true,"href":"https:\/\/haiti.mit.edu\/hat\/wp-json\/wp\/v2\/comments?post=8616"}],"version-history":[{"count":3,"href":"https:\/\/haiti.mit.edu\/hat\/wp-json\/wp\/v2\/pages\/8616\/revisions"}],"predecessor-version":[{"id":8647,"href":"https:\/\/haiti.mit.edu\/hat\/wp-json\/wp\/v2\/pages\/8616\/revisions\/8647"}],"wp:attachment":[{"href":"https:\/\/haiti.mit.edu\/hat\/wp-json\/wp\/v2\/media?parent=8616"}],"curies":[{"name":"wp","href":"https:\/\/api.w.org\/{rel}","templated":true}]}}