{"id":9251,"date":"2022-10-13T08:53:16","date_gmt":"2022-10-13T12:53:16","guid":{"rendered":"https:\/\/haiti.mit.edu\/home-2\/"},"modified":"2022-10-13T12:21:42","modified_gmt":"2022-10-13T16:21:42","slug":"home-2","status":"publish","type":"page","link":"https:\/\/haiti.mit.edu\/hat\/","title":{"rendered":"Home"},"content":{"rendered":"<div class=\"fusion-fullwidth fullwidth-box fusion-fullwidth-1  fusion-parallax-none nonhundred-percent-fullwidth\" style=\"border-color:#eae9e9;border-bottom-width: 0px;border-top-width: 0px;border-bottom-style: solid;border-top-style: solid;padding-bottom:50px;padding-top:60px;padding-left:;padding-right:;background-color:#f2f2f2;\"><style type=\"text\/css\" scoped=\"scoped\">.fusion-fullwidth-1 {\n                            padding-left: px !important;\n                            padding-right: px !important;\n                        }<\/style><div class=\"fusion-row\"><div class=\"fusion-one-full fusion-layout-column fusion-column-last fusion-spacing-yes\" style=\"margin-top:0px;margin-bottom:0px;\"><div class=\"fusion-column-wrapper\" style=\"padding:0px 14%;\"><p style=\"font-size: 16px; text-align: center; letter-spacing: 6px;\"><span style=\"color: #ff6600;\"><strong>TEKNOLOJI AK PEDAGOJI<\/strong><\/span><\/p>\n<h3 style=\"text-align: center; padding-left: 15px; padding-right: 15px;\">N ap f\u00e8 pwomosyon aprantisaj aktif an krey\u00f2l nan syans, teknoloji, enjeniri ak matematik (S.T.En.M.) pou pif\u00f2 ti moun ann Ayiti ka rive aprann, k\u00f2m sa dwa, nan s\u00e8l lang ki rele yo ch\u00e8 m\u00e8t ch\u00e8 metr\u00e8s.<\/h3>\n<div class=\"fusion-clearfix\"><\/div><\/div><\/div><div class=\"fusion-clearfix\"><\/div><\/div><\/div><div class=\"fusion-fullwidth fullwidth-box fusion-fullwidth-2  fusion-parallax-none nonhundred-percent-fullwidth\" style=\"border-color:#eae9e9;border-bottom-width: 0px;border-top-width: 0px;border-bottom-style: solid;border-top-style: solid;padding-bottom:0px;padding-top:60px;padding-left:;padding-right:;background-color:rgba(255,255,255,0);\"><style type=\"text\/css\" scoped=\"scoped\">.fusion-fullwidth-2 {\n                            padding-left: px !important;\n                            padding-right: px !important;\n                        }<\/style><div class=\"fusion-row\"><p style=\"font-size: 16px; text-align: center; letter-spacing: 6px; line-height: 24px;\"><span style=\"color: #525252;\"><strong>INISYATIV MIT-AYITI<\/strong><\/span><\/p>\n<h2 style=\"text-align: center;\"><span style=\"color: #ff6600;\"><strong>NOUVEL<\/strong><\/span><\/h2>\n<div class=\"fusion-sep-clear\"><\/div><div class=\"fusion-separator sep-single\" style=\"border-color:#ff8d61;border-top-width:2px;margin-left: auto;margin-right: auto;margin-top:15px;margin-bottom:70px;width:100%;max-width:90px;\"><\/div><div class=\"fusion-recent-posts avada-container layout-default layout-columns-4\"><section class=\"fusion-columns columns fusion-columns-4 columns-4\"><div class=\"fusion-column column col col-lg-3 col-md-3 col-sm-3 fusion-animated\" data-animationType=\"fadeInDown\" data-animationDuration=\"0.6\" data-animationOffset=\"100%\"><div class=\"fusion-flexslider flexslider flexslider-hover-type-zoomout\"><ul class=\"slides\"><li><a href=\"https:\/\/haiti.mit.edu\/hat\/ki-jan-pou-n-bati-plan-leson\/\" class=\"hover-type-zoomout\"><img src=\"https:\/\/haiti.mit.edu\/wp-content\/uploads\/2019\/08\/WhatsApp-Image-2019-08-19-at-3.39.06-PM-700x441.jpeg\" alt=\"Yon kouvr\u00e8ti pou yon gid fizik\" \/><\/a><\/li><\/ul><\/div><div class=\"recent-posts-content\">\n\t\n\t\t\t<span class=\"vcard\" style=\"display: none;\">\n\t\t\t<span class=\"fn\">\n\t\t\t\t<a href=\"https:\/\/haiti.mit.edu\/hat\/author\/sorrah\/\" title=\"Posts by Sorrah Edwards-Thro\" rel=\"author\">Sorrah Edwards-Thro<\/a>\t\t\t<\/span>\n\t\t<\/span>\n\t\n\t\t\t<span class=\"updated\" style=\"display:none;\">\n\t\t\t2022-10-13T12:30:30-04:00\t\t<\/span>\n\t\n<h4 class=\"entry-title\"><a href=\"https:\/\/haiti.mit.edu\/hat\/ki-jan-pou-n-bati-plan-leson\/\">Ki Jan Pou N Bati Plan Leson Ki Djanm<\/a><\/h4><p class=\"meta\"><span><span class=\"date\">August 5th, 2019<\/span><\/span><span class=\"meta-separator\">|<\/span><span><span>Comments Off<span class=\"screen-reader-text\"> on Ki Jan Pou N Bati Plan Leson Ki Djanm<\/span><\/span><\/span><\/p><p>Dokiman pou preparasyon plan leson ki pou kore aprantisaj aktif - Glenda Stump Telechaje N ap pataje k\u00e8k paj nan yon [...]<\/p><\/div><\/div><div class=\"fusion-column column col col-lg-3 col-md-3 col-sm-3 fusion-animated\" data-animationType=\"fadeInDown\" data-animationDuration=\"0.6\" data-animationOffset=\"100%\"><div class=\"recent-posts-content\">\n\t\n\t\t\t<span class=\"vcard\" style=\"display: none;\">\n\t\t\t<span class=\"fn\">\n\t\t\t\t<a href=\"https:\/\/haiti.mit.edu\/hat\/author\/sorrah\/\" title=\"Posts by Sorrah Edwards-Thro\" rel=\"author\">Sorrah Edwards-Thro<\/a>\t\t\t<\/span>\n\t\t<\/span>\n\t\n\t\t\t<span class=\"updated\" style=\"display:none;\">\n\t\t\t2022-10-13T12:29:59-04:00\t\t<\/span>\n\t\n<h4 class=\"entry-title\"><a href=\"https:\/\/haiti.mit.edu\/hat\/kesyon-lojistik\/\">Kesyon Sou Platf\u00f2m Lan<\/a><\/h4><p class=\"meta\"><span><span class=\"date\">July 29th, 2019<\/span><\/span><span class=\"meta-separator\">|<\/span><span><span>Comments Off<span class=\"screen-reader-text\"> on Kesyon Sou Platf\u00f2m Lan<\/span><\/span><\/span><\/p><p>Men repons sou k\u00e8k kesyon nou resevwa pi souvan sou platf\u00f2m lan apre nou te lanse ap\u00e8l la: Ki jan nou [...]<\/p><\/div><\/div><div class=\"fusion-column column col col-lg-3 col-md-3 col-sm-3 fusion-animated\" data-animationType=\"fadeInDown\" data-animationDuration=\"0.6\" data-animationOffset=\"100%\"><div class=\"recent-posts-content\">\n\t\n\t\t\t<span class=\"vcard\" style=\"display: none;\">\n\t\t\t<span class=\"fn\">\n\t\t\t\t<a href=\"https:\/\/haiti.mit.edu\/hat\/author\/sorrah\/\" title=\"Posts by Sorrah Edwards-Thro\" rel=\"author\">Sorrah Edwards-Thro<\/a>\t\t\t<\/span>\n\t\t<\/span>\n\t\n\t\t\t<span class=\"updated\" style=\"display:none;\">\n\t\t\t2022-10-13T12:27:41-04:00\t\t<\/span>\n\t\n<h4 class=\"entry-title\"><a href=\"https:\/\/haiti.mit.edu\/hat\/ap-chache-grenadye\/\">Ap\u00e8l pou kontribit\u00e8<\/a><\/h4><p class=\"meta\"><span><span class=\"date\">June 14th, 2019<\/span><\/span><span class=\"meta-separator\">|<\/span><span><span>Comments Off<span class=\"screen-reader-text\"> on Ap\u00e8l pou kontribit\u00e8<\/span><\/span><\/span><\/p><p>Ale sou sit nou http:\/\/MIT-Ayiti.NET pou vizite platf\u00f2m lan (30 septanm). Platf\u00f2m MIT-Ayiti pou yon lek\u00f2l t\u00e8t an wo Envitasyon pou [...]<\/p><\/div><\/div><div class=\"fusion-column column col col-lg-3 col-md-3 col-sm-3 fusion-animated\" data-animationType=\"fadeInDown\" data-animationDuration=\"0.6\" data-animationOffset=\"100%\"><div class=\"recent-posts-content\">\n\t\n\t\t\t<span class=\"vcard\" style=\"display: none;\">\n\t\t\t<span class=\"fn\">\n\t\t\t\t<a href=\"https:\/\/haiti.mit.edu\/hat\/author\/sorrah\/\" title=\"Posts by Sorrah Edwards-Thro\" rel=\"author\">Sorrah Edwards-Thro<\/a>\t\t\t<\/span>\n\t\t<\/span>\n\t\n\t\t\t<span class=\"updated\" style=\"display:none;\">\n\t\t\t2022-10-13T12:29:20-04:00\t\t<\/span>\n\t\n<h4 class=\"entry-title\"><a href=\"https:\/\/haiti.mit.edu\/hat\/echantiyon-leson\/\">Echantiyon Leson<\/a><\/h4><p class=\"meta\"><span><span class=\"date\">June 14th, 2019<\/span><\/span><span class=\"meta-separator\">|<\/span><span><span>Comments Off<span class=\"screen-reader-text\"> on Echantiyon Leson<\/span><\/span><\/span><\/p><p>Men k\u00e8k b\u00e8l echantiyon pou n lanse bibliyot\u00e8k nimerik pou lek\u00f2l t\u00e8t an wo. Men ki jan Paul Belony prezante yo: [...]<\/p><\/div><\/div><div class=\"fusion-clearfix\"><\/div><\/section><\/div><\/div><\/div>\n","protected":false},"excerpt":{"rendered":"","protected":false},"author":1,"featured_media":0,"parent":0,"menu_order":0,"comment_status":"closed","ping_status":"closed","template":"100-width.php","meta":{"ngg_post_thumbnail":0},"_links":{"self":[{"href":"https:\/\/haiti.mit.edu\/hat\/wp-json\/wp\/v2\/pages\/9251"}],"collection":[{"href":"https:\/\/haiti.mit.edu\/hat\/wp-json\/wp\/v2\/pages"}],"about":[{"href":"https:\/\/haiti.mit.edu\/hat\/wp-json\/wp\/v2\/types\/page"}],"author":[{"embeddable":true,"href":"https:\/\/haiti.mit.edu\/hat\/wp-json\/wp\/v2\/users\/1"}],"replies":[{"embeddable":true,"href":"https:\/\/haiti.mit.edu\/hat\/wp-json\/wp\/v2\/comments?post=9251"}],"version-history":[{"count":5,"href":"https:\/\/haiti.mit.edu\/hat\/wp-json\/wp\/v2\/pages\/9251\/revisions"}],"predecessor-version":[{"id":9278,"href":"https:\/\/haiti.mit.edu\/hat\/wp-json\/wp\/v2\/pages\/9251\/revisions\/9278"}],"wp:attachment":[{"href":"https:\/\/haiti.mit.edu\/hat\/wp-json\/wp\/v2\/media?parent=9251"}],"curies":[{"name":"wp","href":"https:\/\/api.w.org\/{rel}","templated":true}]}}